{"id":48042,"date":"2024-02-29T08:33:26","date_gmt":"2024-02-29T07:33:26","guid":{"rendered":"https:\/\/www.ftspa.it\/valeurs\/"},"modified":"2025-01-15T17:06:59","modified_gmt":"2025-01-15T16:06:59","slug":"valeurs","status":"publish","type":"page","link":"https:\/\/www.ftspa.it\/fr\/valeurs\/","title":{"rendered":"Valeurs"},"content":{"rendered":"<div class=\"wpb-content-wrapper\"><p>[vc_row css_animation=&#8221;&#8221; row_type=&#8221;row&#8221; use_row_as_full_screen_section=&#8221;no&#8221; type=&#8221;full_width&#8221; angled_section=&#8221;no&#8221; text_align=&#8221;left&#8221; background_image_as_pattern=&#8221;without_pattern&#8221; el_class=&#8221;row-with-separator&#8221; z_index=&#8221;&#8221;][vc_column css=&#8221;.vc_custom_1516792023205{margin-top: 0px !important;margin-right: 0px !important;margin-bottom: 0px !important;margin-left: 0px !important;padding-right: 0px !important;padding-left: 0px !important;}&#8221;][qode_elements_holder number_of_columns=&#8221;two_columns&#8221; switch_to_one_column=&#8221;1000&#8243;][qode_elements_holder_item cover=&#8221;yes&#8221; vertical_alignment=&#8221;top&#8221; advanced_animations=&#8221;no&#8221; background_image=&#8221;48956&#8243; item_padding=&#8221;12% 15% 0%&#8221; item_padding_1280_1440=&#8221;12% 5% 35% 9%&#8221; item_padding_1024_1280=&#8221;12% 4% 46% 8%&#8221; item_padding_768_1024=&#8221;0% 0% 30% 7%&#8221; item_padding_600_768=&#8221;0% 9% 32%&#8221; item_padding_480_600=&#8221;0% 0% 33%&#8221; item_padding_480=&#8221;0% 0% 33%&#8221;][vc_column_text]<\/p>\n<h1 style=\"font-weight: 300;\">[vc_separator type=&#8221;small&#8221; position=&#8221;left&#8221; color=&#8221;#00B0BF&#8221; thickness=&#8221;4&#8243; width=&#8221;100&#8243; down=&#8221;15&#8243;]MISSION ET<\/h1>\n<p>[\/vc_column_text][vc_column_text]<\/p>\n<h1 style=\"font-weight: 900; margin-left: 50px;\">VISION<\/h1>\n<p>[\/vc_column_text][vc_empty_space height=&#8221;39px&#8221;][vc_column_text css=&#8221;&#8221;]<\/p>\n<p style=\"margin-left: 90px; margin-right: 11%;\">Depuis toujours notre mission est de satisfaire et d\u2019assister le client, en lui assurant des services de haute qualit\u00e9 et une large gamme de produits, de l\u2019outillage de construction aux \u00e9quipements de protection antichute, caract\u00e9ris\u00e9e par un haut niveau de qualit\u00e9.<br \/>\nNos produits sont sp\u00e9cialement con\u00e7us pour les exigences du chantier et sont distribu\u00e9s dans toute l\u2019Italie par un vaste r\u00e9seau de vente.<br \/>\nNotre objectif est de consolider notre position de leader sur le march\u00e9 italien dans le secteur du b\u00e2timent et d\u2019\u00e9quipements de protection individuelle.<\/p>\n<p>[\/vc_column_text][vc_empty_space height=&#8221;60px&#8221; el_class=&#8221;empty-space-hidden&#8221;][\/qode_elements_holder_item][qode_elements_holder_item advanced_animations=&#8221;no&#8221; item_padding=&#8221;12% 15% 13%&#8221; item_padding_1280_1440=&#8221;12% 15% 14% 7%&#8221; item_padding_1024_1280=&#8221;12% 4% 14% 8%&#8221; item_padding_768_1024=&#8221;12% 5% 12% 1%&#8221; item_padding_600_768=&#8221;0% 20% 15% 10&#8243; item_padding_480_600=&#8221;0% 20% 17% 0%&#8221; item_padding_480=&#8221;0% 20% 17% 0%&#8221;][vc_column_text]<\/p>\n<h1 style=\"font-weight: 300;\">[vc_separator type=&#8221;small&#8221; position=&#8221;left&#8221; color=&#8221;#00B0BF&#8221; thickness=&#8221;4&#8243; width=&#8221;100&#8243; down=&#8221;15&#8243;]FT SpA:<\/h1>\n<p>[\/vc_column_text][vc_column_text]<\/p>\n<h1 style=\"font-weight: 900; margin-left: 50px;\">LES D\u00c9FIS DE L\u2019AVENIR<\/h1>\n<p>[\/vc_column_text][vc_empty_space height=&#8221;39px&#8221;][vc_column_text css=&#8221;&#8221;]<\/p>\n<p style=\"margin-left: 90px; margin-right: 1%;\">La r\u00e9solution des probl\u00e8mes et une gamme compl\u00e8te de services sont les piliers sur lesquels nous avons fond\u00e9 notre identit\u00e9.<br \/>\nGr\u00e2ce \u00e0 une intense collaboration avec les clients, FT SpA est pr\u00eate \u00e0 faire face aux d\u00e9fis de l\u2019avenir avec la conscience que le service offert est fondamental pour \u00e9tablir une relation solide avec les revendeurs.<\/p>\n<p>[\/vc_column_text][vc_empty_space height=&#8221;90px&#8221;][vc_column_text css=&#8221;&#8221;]<\/p>\n<h1 style=\"font-weight: 300;\">[vc_separator type=&#8221;small&#8221; position=&#8221;left&#8221; color=&#8221;#00B0BF&#8221; thickness=&#8221;4&#8243; width=&#8221;100&#8243; down=&#8221;15&#8243;]NOS<\/h1>\n<p>[\/vc_column_text][vc_column_text]<\/p>\n<h1 style=\"font-weight: 900; margin-left: 50px;\">VALEURS<\/h1>\n<p>[\/vc_column_text][vc_empty_space height=&#8221;39px&#8221;][vc_row_inner row_type=&#8221;row&#8221; type=&#8221;full_width&#8221; text_align=&#8221;left&#8221; css_animation=&#8221;&#8221;][vc_column_inner css=&#8221;.vc_custom_1516791618999{margin-left: 42px !important;}&#8221;][vc_column_text css=&#8221;.vc_custom_1736957209301{padding-bottom: 10px !important;}&#8221;]<\/p>\n<h4><strong>COMP\u00c9TENCE<\/strong><\/h4>\n<p>[\/vc_column_text][vc_column_text css=&#8221;&#8221;]La longue exp\u00e9rience artisanale et la recherche constante des solutions performantes et technologiques rendent FT SpA un solide partenaire de pointe qui peut vous accompagner vers le succ\u00e8s de votre point de vente gr\u00e2ce \u00e0 sa propension commerciale.[\/vc_column_text][vc_empty_space][vc_column_text css=&#8221;.vc_custom_1736957214475{padding-bottom: 10px !important;}&#8221;]<\/p>\n<h4><strong>APPROCHE DU CLIENT<\/strong><\/h4>\n<p>[\/vc_column_text][vc_column_text css=&#8221;&#8221;]FT SpA place LE CLIENT au centre : chaque jour nous soutenons les magasins du secteur du b\u00e2timent au niveau technique, commercial et logistique pour les guider vers des projets efficaces, en commen\u00e7ant par une analyse approfondie du march\u00e9.[\/vc_column_text][vc_empty_space][vc_column_text css=&#8221;.vc_custom_1736956992671{padding-bottom: 10px !important;}&#8221;]<\/p>\n<h4><strong>\u00c9THIQUE<\/strong><\/h4>\n<p>[\/vc_column_text][vc_column_text css=&#8221;&#8221;]Les PERSONNES au centre : chaque relation professionnelle et humaine m\u00e8ne \u00e0 une croissance individuelle. FT SpA se focalise sur l\u2019individu et ses sp\u00e9cificit\u00e9s, en nouant des relations de coop\u00e9ration visant \u00e0 un but commun.[\/vc_column_text][\/vc_column_inner][\/vc_row_inner][vc_empty_space height=&#8221;90px&#8221;][vc_column_text css=&#8221;&#8221;]<\/p>\n<h1 style=\"font-weight: 300;\">[vc_separator type=&#8221;small&#8221; position=&#8221;left&#8221; color=&#8221;#00B0BF&#8221; thickness=&#8221;4&#8243; width=&#8221;100&#8243; down=&#8221;15&#8243;]QUALIT\u00c9 ET<\/h1>\n<p>[\/vc_column_text][vc_column_text css=&#8221;&#8221;]<\/p>\n<h1 style=\"font-weight: 900; margin-left: 50px;\">CERTIFICATIONS<\/h1>\n<p>[\/vc_column_text][vc_empty_space height=&#8221;39px&#8221;][vc_row_inner row_type=&#8221;row&#8221; type=&#8221;full_width&#8221; text_align=&#8221;left&#8221; css_animation=&#8221;&#8221;][vc_column_inner css=&#8221;.vc_custom_1516791618999{margin-left: 42px !important;}&#8221;][vc_column_text css=&#8221;&#8221;]L&#8217;am\u00e9lioration continue de ses produits, un syst\u00e8me de qualit\u00e9 certifi\u00e9 ISO 9001:2015 et la garantie d&#8217;un service complet et fiable sont les principes directeurs qui inspirent le personnel de FT spa.<\/p>\n<p>&nbsp;<\/p>\n<p>Certification du syst\u00e8me qualit\u00e9 ISO 9001:2015 DNV-GL[\/vc_column_text][vc_empty_space][\/vc_column_inner][\/vc_row_inner][vc_empty_space height=&#8221;50px&#8221;][\/qode_elements_holder_item][\/qode_elements_holder][\/vc_column][\/vc_row]<\/p>\n<\/div>[vc_row css_animation=\"\" row_type=\"row\" use_row_as_full_screen_section=\"no\" type=\"grid\" angled_section=\"no\" text_align=\"left\" background_image_as_pattern=\"without_pattern\" z_index=\"\"][vc_column][vc_empty_space][vc_column_text css=\"\"]\r\n<p style=\"font-weight: 400; text-align: center;\">FT S.p.A. ne vend pas directement. Pour toute information commerciale et sur les fournitures, merci de vous adresser au revendeur partenaire FT S.p.A. le plus proche.<\/p>\r\n<p style=\"font-weight: 400; text-align: center;\">Trouvez votre revendeur FT S.p.A. \u00e0 l'aide du <a href=\"https:\/\/www.ftspa.it\/store-locator\/\">localisateur de magasins<\/a> au lien suivant.<\/p>\r\n[\/vc_column_text][vc_empty_space height=\"10px\"]\n<div class=\"wpcf7 no-js\" id=\"wpcf7-f54658-o1\" lang=\"it-IT\" dir=\"ltr\" data-wpcf7-id=\"54658\">\n<div class=\"screen-reader-response\"><p role=\"status\" aria-live=\"polite\" aria-atomic=\"true\"><\/p> <ul><\/ul><\/div>\n<form action=\"\/fr\/wp-json\/wp\/v2\/pages\/48042#wpcf7-f54658-o1\" method=\"post\" class=\"wpcf7-form init default wpcf7-acceptance-as-validation\" aria-label=\"Modulo di contatto\" novalidate=\"novalidate\" data-status=\"init\">\n<fieldset class=\"hidden-fields-container\"><input type=\"hidden\" name=\"_wpcf7\" value=\"54658\" \/><input type=\"hidden\" name=\"_wpcf7_version\" value=\"6.1.3\" \/><input type=\"hidden\" name=\"_wpcf7_locale\" value=\"it_IT\" \/><input type=\"hidden\" name=\"_wpcf7_unit_tag\" value=\"wpcf7-f54658-o1\" \/><input type=\"hidden\" name=\"_wpcf7_container_post\" value=\"0\" \/><input type=\"hidden\" name=\"_wpcf7_posted_data_hash\" value=\"\" \/><input type=\"hidden\" name=\"_wpcf7_recaptcha_response\" value=\"\" \/>\n<\/fieldset>\n<div class=\"cForm-grid\">\n\t<div>\n\t\t<p>Votre adresse e-mail * <span class=\"wpcf7-form-control-wrap\" data-name=\"your-email\"><input size=\"40\" maxlength=\"400\" class=\"wpcf7-form-control wpcf7-email wpcf7-validates-as-required wpcf7-text wpcf7-validates-as-email\" aria-required=\"true\" aria-invalid=\"false\" value=\"\" type=\"email\" name=\"your-email\" \/><\/span><br \/>\n<span class=\"wpcf7-form-control-wrap\" data-name=\"your-company\"><span class=\"wpcf7-form-control wpcf7-radio\"><span class=\"wpcf7-list-item first\"><label><input type=\"radio\" name=\"your-company\" value=\"Revendeur\" checked=\"checked\" \/><span class=\"wpcf7-list-item-label\">Revendeur<\/span><\/label><\/span><span class=\"wpcf7-list-item\"><label><input type=\"radio\" name=\"your-company\" value=\"Entreprise\" \/><span class=\"wpcf7-list-item-label\">Entreprise<\/span><\/label><\/span><span class=\"wpcf7-list-item last\"><label><input type=\"radio\" name=\"your-company\" value=\"Particulier\" \/><span class=\"wpcf7-list-item-label\">Particulier<\/span><\/label><\/span><\/span><\/span><br \/>\n<span class=\"wpcf7-form-control-wrap\" data-name=\"your-privacy\"><span class=\"wpcf7-form-control wpcf7-acceptance\"><span class=\"wpcf7-list-item\"><label><input type=\"checkbox\" name=\"your-privacy\" value=\"1\" aria-invalid=\"false\" \/><span class=\"wpcf7-list-item-label\">J'ai lu et j'accepte la politique de confidentialit\u00e9 <a href=\"https:\/\/www.ftspa.it\/privacy-policy\/\" target=\"_blank\">politique de confidentialit\u00e9<\/a><\/span><\/label><\/span><\/span><\/span><br \/>\n<span class=\"wpcf7-form-control-wrap\" data-name=\"your-newsletter\"><span class=\"wpcf7-form-control wpcf7-checkbox\"><span class=\"wpcf7-list-item first last\"><label><input type=\"checkbox\" name=\"your-newsletter[]\" value=\"Je souhaite m\u2019inscrire \u00e0 la newsletter\" \/><span class=\"wpcf7-list-item-label\">Je souhaite m\u2019inscrire \u00e0 la newsletter<\/span><\/label><\/span><\/span><\/span>\n\t\t<\/p>\n\t<\/div>\n\t<div>\n\t\t<p>Votre message * <span class=\"wpcf7-form-control-wrap\" data-name=\"your-message\"><textarea cols=\"40\" rows=\"1\" maxlength=\"2000\" class=\"wpcf7-form-control wpcf7-textarea\" aria-invalid=\"false\" name=\"your-message\"><\/textarea><\/span><br \/>\n<input class=\"wpcf7-form-control wpcf7-submit has-spinner\" type=\"submit\" value=\"Envoyer\" \/>\n\t\t<\/p>\n\t<\/div>\n<\/div><div class=\"wpcf7-response-output\" aria-hidden=\"true\"><\/div>\n<\/form>\n<\/div>\n[\/vc_column][\/vc_row]","protected":false},"excerpt":{"rendered":"<p>[vc_row css_animation=&#8221;&#8221; row_type=&#8221;row&#8221; use_row_as_full_screen_section=&#8221;no&#8221; type=&#8221;full_width&#8221; angled_section=&#8221;no&#8221; text_align=&#8221;left&#8221; background_image_as_pattern=&#8221;without_pattern&#8221; el_class=&#8221;row-with-separator&#8221; z_index=&#8221;&#8221;][vc_column css=&#8221;.vc_custom_1516792023205{margin-top: 0px !important;margin-right: 0px !important;margin-bottom: 0px !important;margin-left: 0px !important;padding-right: 0px !important;padding-left: 0px !important;}&#8221;][qode_elements_holder number_of_columns=&#8221;two_columns&#8221; switch_to_one_column=&#8221;1000&#8243;][qode_elements_holder_item cover=&#8221;yes&#8221; vertical_alignment=&#8221;top&#8221; advanced_animations=&#8221;no&#8221; background_image=&#8221;48956&#8243; item_padding=&#8221;12% 15% 0%&#8221; item_padding_1280_1440=&#8221;12% 5% 35% 9%&#8221; item_padding_1024_1280=&#8221;12% 4% 46% 8%&#8221;&#8230;<\/p>\n","protected":false},"author":8792,"featured_media":0,"parent":0,"menu_order":0,"comment_status":"closed","ping_status":"closed","template":"full_width.php","meta":{"_acf_changed":false,"footnotes":""},"class_list":["post-48042","page","type-page","status-publish","hentry"],"acf":[],"yoast_head":"<!-- This site is optimized with the Yoast SEO plugin v26.3 - https:\/\/yoast.com\/wordpress\/plugins\/seo\/ -->\n<title>FT spa - Nos valeurs<\/title>\n<meta name=\"description\" content=\"Costruiamo insieme \u00e8 l&#039;approccio dei nostri servizi e delle soluzioni che proponiamo nel settore delle attrezzature per l\u2019edilizia\" \/>\n<meta name=\"robots\" content=\"index, follow, max-snippet:-1, max-image-preview:large, max-video-preview:-1\" \/>\n<link rel=\"canonical\" href=\"https:\/\/www.ftspa.it\/fr\/valeurs\/\" \/>\n<meta property=\"og:locale\" content=\"fr_FR\" \/>\n<meta property=\"og:type\" content=\"article\" \/>\n<meta property=\"og:title\" content=\"FT spa - Nos valeurs\" \/>\n<meta property=\"og:description\" content=\"Costruiamo insieme \u00e8 l&#039;approccio dei nostri servizi e delle soluzioni che proponiamo nel settore delle attrezzature per l\u2019edilizia\" \/>\n<meta property=\"og:url\" content=\"https:\/\/www.ftspa.it\/fr\/valeurs\/\" \/>\n<meta property=\"og:site_name\" content=\"FT S.p.A.\" \/>\n<meta property=\"article:publisher\" content=\"https:\/\/www.facebook.com\/FTspa1969\/\" \/>\n<meta property=\"article:modified_time\" content=\"2025-01-15T16:06:59+00:00\" \/>\n<meta name=\"twitter:card\" content=\"summary_large_image\" \/>\n<meta name=\"twitter:label1\" content=\"Dur\u00e9e de lecture estim\u00e9e\" \/>\n\t<meta name=\"twitter:data1\" content=\"3 minutes\" \/>\n<script type=\"application\/ld+json\" class=\"yoast-schema-graph\">{\"@context\":\"https:\/\/schema.org\",\"@graph\":[{\"@type\":\"WebPage\",\"@id\":\"https:\/\/www.ftspa.it\/fr\/valeurs\/\",\"url\":\"https:\/\/www.ftspa.it\/fr\/valeurs\/\",\"name\":\"FT spa - Nos valeurs\",\"isPartOf\":{\"@id\":\"https:\/\/www.ftspa.it\/#website\"},\"datePublished\":\"2024-02-29T07:33:26+00:00\",\"dateModified\":\"2025-01-15T16:06:59+00:00\",\"description\":\"Costruiamo insieme \u00e8 l'approccio dei nostri servizi e delle soluzioni che proponiamo nel settore delle attrezzature per l\u2019edilizia\",\"breadcrumb\":{\"@id\":\"https:\/\/www.ftspa.it\/fr\/valeurs\/#breadcrumb\"},\"inLanguage\":\"fr-FR\",\"potentialAction\":[{\"@type\":\"ReadAction\",\"target\":[\"https:\/\/www.ftspa.it\/fr\/valeurs\/\"]}]},{\"@type\":\"BreadcrumbList\",\"@id\":\"https:\/\/www.ftspa.it\/fr\/valeurs\/#breadcrumb\",\"itemListElement\":[{\"@type\":\"ListItem\",\"position\":1,\"name\":\"Home\",\"item\":\"https:\/\/www.ftspa.it\/fr\/\"},{\"@type\":\"ListItem\",\"position\":2,\"name\":\"Valeurs\"}]},{\"@type\":\"WebSite\",\"@id\":\"https:\/\/www.ftspa.it\/#website\",\"url\":\"https:\/\/www.ftspa.it\/\",\"name\":\"https:\/\/www.ftspa.it\/\",\"description\":\"\",\"publisher\":{\"@id\":\"https:\/\/www.ftspa.it\/#organization\"},\"potentialAction\":[{\"@type\":\"SearchAction\",\"target\":{\"@type\":\"EntryPoint\",\"urlTemplate\":\"https:\/\/www.ftspa.it\/?s={search_term_string}\"},\"query-input\":{\"@type\":\"PropertyValueSpecification\",\"valueRequired\":true,\"valueName\":\"search_term_string\"}}],\"inLanguage\":\"fr-FR\"},{\"@type\":\"Organization\",\"@id\":\"https:\/\/www.ftspa.it\/#organization\",\"name\":\"https:\/\/www.ftspa.it\/\",\"url\":\"https:\/\/www.ftspa.it\/\",\"logo\":{\"@type\":\"ImageObject\",\"inLanguage\":\"fr-FR\",\"@id\":\"https:\/\/www.ftspa.it\/#\/schema\/logo\/image\/\",\"url\":\"https:\/\/www.ftspa.it\/wp-content\/uploads\/2020\/01\/logo.png\",\"contentUrl\":\"https:\/\/www.ftspa.it\/wp-content\/uploads\/2020\/01\/logo.png\",\"width\":204,\"height\":84,\"caption\":\"https:\/\/www.ftspa.it\/\"},\"image\":{\"@id\":\"https:\/\/www.ftspa.it\/#\/schema\/logo\/image\/\"},\"sameAs\":[\"https:\/\/www.facebook.com\/FTspa1969\/\",\"https:\/\/www.linkedin.com\/company\/ft-spa\/\"]}]}<\/script>\n<!-- \/ Yoast SEO plugin. -->","yoast_head_json":{"title":"FT spa - Nos valeurs","description":"Costruiamo insieme \u00e8 l'approccio dei nostri servizi e delle soluzioni che proponiamo nel settore delle attrezzature per l\u2019edilizia","robots":{"index":"index","follow":"follow","max-snippet":"max-snippet:-1","max-image-preview":"max-image-preview:large","max-video-preview":"max-video-preview:-1"},"canonical":"https:\/\/www.ftspa.it\/fr\/valeurs\/","og_locale":"fr_FR","og_type":"article","og_title":"FT spa - Nos valeurs","og_description":"Costruiamo insieme \u00e8 l'approccio dei nostri servizi e delle soluzioni che proponiamo nel settore delle attrezzature per l\u2019edilizia","og_url":"https:\/\/www.ftspa.it\/fr\/valeurs\/","og_site_name":"FT S.p.A.","article_publisher":"https:\/\/www.facebook.com\/FTspa1969\/","article_modified_time":"2025-01-15T16:06:59+00:00","twitter_card":"summary_large_image","twitter_misc":{"Dur\u00e9e de lecture estim\u00e9e":"3 minutes"},"schema":{"@context":"https:\/\/schema.org","@graph":[{"@type":"WebPage","@id":"https:\/\/www.ftspa.it\/fr\/valeurs\/","url":"https:\/\/www.ftspa.it\/fr\/valeurs\/","name":"FT spa - Nos valeurs","isPartOf":{"@id":"https:\/\/www.ftspa.it\/#website"},"datePublished":"2024-02-29T07:33:26+00:00","dateModified":"2025-01-15T16:06:59+00:00","description":"Costruiamo insieme \u00e8 l'approccio dei nostri servizi e delle soluzioni che proponiamo nel settore delle attrezzature per l\u2019edilizia","breadcrumb":{"@id":"https:\/\/www.ftspa.it\/fr\/valeurs\/#breadcrumb"},"inLanguage":"fr-FR","potentialAction":[{"@type":"ReadAction","target":["https:\/\/www.ftspa.it\/fr\/valeurs\/"]}]},{"@type":"BreadcrumbList","@id":"https:\/\/www.ftspa.it\/fr\/valeurs\/#breadcrumb","itemListElement":[{"@type":"ListItem","position":1,"name":"Home","item":"https:\/\/www.ftspa.it\/fr\/"},{"@type":"ListItem","position":2,"name":"Valeurs"}]},{"@type":"WebSite","@id":"https:\/\/www.ftspa.it\/#website","url":"https:\/\/www.ftspa.it\/","name":"https:\/\/www.ftspa.it\/","description":"","publisher":{"@id":"https:\/\/www.ftspa.it\/#organization"},"potentialAction":[{"@type":"SearchAction","target":{"@type":"EntryPoint","urlTemplate":"https:\/\/www.ftspa.it\/?s={search_term_string}"},"query-input":{"@type":"PropertyValueSpecification","valueRequired":true,"valueName":"search_term_string"}}],"inLanguage":"fr-FR"},{"@type":"Organization","@id":"https:\/\/www.ftspa.it\/#organization","name":"https:\/\/www.ftspa.it\/","url":"https:\/\/www.ftspa.it\/","logo":{"@type":"ImageObject","inLanguage":"fr-FR","@id":"https:\/\/www.ftspa.it\/#\/schema\/logo\/image\/","url":"https:\/\/www.ftspa.it\/wp-content\/uploads\/2020\/01\/logo.png","contentUrl":"https:\/\/www.ftspa.it\/wp-content\/uploads\/2020\/01\/logo.png","width":204,"height":84,"caption":"https:\/\/www.ftspa.it\/"},"image":{"@id":"https:\/\/www.ftspa.it\/#\/schema\/logo\/image\/"},"sameAs":["https:\/\/www.facebook.com\/FTspa1969\/","https:\/\/www.linkedin.com\/company\/ft-spa\/"]}]}},"_links":{"self":[{"href":"https:\/\/www.ftspa.it\/fr\/wp-json\/wp\/v2\/pages\/48042","targetHints":{"allow":["GET"]}}],"collection":[{"href":"https:\/\/www.ftspa.it\/fr\/wp-json\/wp\/v2\/pages"}],"about":[{"href":"https:\/\/www.ftspa.it\/fr\/wp-json\/wp\/v2\/types\/page"}],"author":[{"embeddable":true,"href":"https:\/\/www.ftspa.it\/fr\/wp-json\/wp\/v2\/users\/8792"}],"replies":[{"embeddable":true,"href":"https:\/\/www.ftspa.it\/fr\/wp-json\/wp\/v2\/comments?post=48042"}],"version-history":[{"count":9,"href":"https:\/\/www.ftspa.it\/fr\/wp-json\/wp\/v2\/pages\/48042\/revisions"}],"predecessor-version":[{"id":48992,"href":"https:\/\/www.ftspa.it\/fr\/wp-json\/wp\/v2\/pages\/48042\/revisions\/48992"}],"wp:attachment":[{"href":"https:\/\/www.ftspa.it\/fr\/wp-json\/wp\/v2\/media?parent=48042"}],"curies":[{"name":"wp","href":"https:\/\/api.w.org\/{rel}","templated":true}]}}