{"id":48047,"date":"2024-02-29T08:42:06","date_gmt":"2024-02-29T07:42:06","guid":{"rendered":"https:\/\/www.ftspa.it\/histoire\/"},"modified":"2024-03-01T10:54:49","modified_gmt":"2024-03-01T09:54:49","slug":"histoire","status":"publish","type":"page","link":"https:\/\/www.ftspa.it\/fr\/histoire\/","title":{"rendered":"Histoire"},"content":{"rendered":"<div class=\"wpb-content-wrapper\"><p>[vc_row css_animation=&#8221;&#8221; row_type=&#8221;row&#8221; use_row_as_full_screen_section=&#8221;no&#8221; type=&#8221;full_width&#8221; angled_section=&#8221;no&#8221; text_align=&#8221;left&#8221; background_image_as_pattern=&#8221;without_pattern&#8221;][vc_column]<div class=\"qode-workflow  qode-workflow-animate\">\n    <span class=\"main-line\" style=\"background-color:#00b0bf;\"><\/span>\n    <div class=\"qode-workflow-item\">\n    <span class=\"line\" style=\"background-color:#00b0bf;\"><\/span>\n    <div class=\"qode-workflow-item-inner reverse\">\n        <div class=\"qode-workflow-image left\">\n            <img decoding=\"async\" src=\"https:\/\/www.ftspa.it\/wp-content\/uploads\/2019\/04\/img-storia-1.jpg\" class=\"attachment-full size-full\" alt=\"\" \/>        <\/div>\n        <div class=\"qode-workflow-text\">\n            <span class=\"circle\" style=\"border-color:#00b0bf;background-color:#00b0bf;\"><\/span>\n                            <h2>1969<\/h2>\n                                        <h3 class=\"qode-workflow-subtitle\">D\u00e9but<\/h3>\n                                        <p class=\"text\">Notre histoire commence en 1969, quand Ondino Minari fonde l\u2019entreprise Filotecnica, apr\u00e8s l\u2019invention brevet\u00e9e de la bobine de fil recuit, une grande innovation qui apporte des avantages consid\u00e9rables dans le secteur de la pr\u00e9fabrication et offre le tremplin pour une gamme compl\u00e8te d\u2019outils et d\u2019accessoires.<\/p>\n                    <\/div>\n    <\/div>\n<\/div><div class=\"qode-workflow-item\">\n    <span class=\"line\" style=\"background-color:#00b0bf;\"><\/span>\n    <div class=\"qode-workflow-item-inner \">\n        <div class=\"qode-workflow-image right\">\n            <img decoding=\"async\" src=\"https:\/\/www.ftspa.it\/wp-content\/uploads\/2019\/04\/img-storia-2.jpg\" class=\"attachment-full size-full\" alt=\"\" \/>        <\/div>\n        <div class=\"qode-workflow-text\">\n            <span class=\"circle\" style=\"border-color:#00b0bf;background-color:#00b0bf;\"><\/span>\n                            <h2>1989<\/h2>\n                                        <h3 class=\"qode-workflow-subtitle\">Pendant <\/h3>\n                                        <p class=\"text\">En 1989, l\u2019entreprise devient une soci\u00e9t\u00e9 \u00e0 responsabilit\u00e9 limit\u00e9e (FT Commerciale S.r.l) et, au cours des ann\u00e9es, se sp\u00e9cialise dans la production d\u2019\u00e9quipements de protection antichute.<\/p>\n                    <\/div>\n    <\/div>\n<\/div><div class=\"qode-workflow-item\">\n    <span class=\"line\" style=\"background-color:#00b0bf;\"><\/span>\n    <div class=\"qode-workflow-item-inner reverse\">\n        <div class=\"qode-workflow-image right\">\n            <img decoding=\"async\" src=\"https:\/\/www.ftspa.it\/wp-content\/uploads\/2019\/04\/img-storia-3.jpg\" class=\"attachment-full size-full\" alt=\"\" \/>        <\/div>\n        <div class=\"qode-workflow-text\">\n            <span class=\"circle\" style=\"border-color:#00b0bf;background-color:#00b0bf;\"><\/span>\n                            <h2>2003<\/h2>\n                                        <h3 class=\"qode-workflow-subtitle\">Changement de si\u00e8ge<\/h3>\n                                        <p class=\"text\">En 2003, FT emm\u00e9nage dans son actuel si\u00e8ge op\u00e9rationnel, situ\u00e9 \u00e0 via Enzano 22, Brescello (Reggio d&#039;\u00c9milie \u2013 Italie), et devient une soci\u00e9t\u00e9 par actions.<\/p>\n                    <\/div>\n    <\/div>\n<\/div><div class=\"qode-workflow-item\">\n    <span class=\"line\" style=\"background-color:#00b0bf;\"><\/span>\n    <div class=\"qode-workflow-item-inner \">\n        <div class=\"qode-workflow-image right\">\n            <img decoding=\"async\" src=\"https:\/\/www.ftspa.it\/wp-content\/uploads\/2019\/06\/linea_anticaduta.jpg\" class=\"attachment-full size-full\" alt=\"\" \/>        <\/div>\n        <div class=\"qode-workflow-text\">\n            <span class=\"circle\" style=\"border-color:#00b0bf;background-color:#00b0bf;\"><\/span>\n                            <h2>2007<\/h2>\n                                        <h3 class=\"qode-workflow-subtitle\">Cr\u00e9ation de la division safety line<\/h3>\n                                        <p class=\"text\">En 2007, FT d\u00e9cide d\u2019investir dans le secteur de la protection antichute en cr\u00e9ant un bureau technique compos\u00e9 d\u2019ing\u00e9nieurs et des techniciens qui, chaque jour, con\u00e7oivent les solutions les plus ad\u00e9quates pour s\u00e9curiser les toitures.<\/p>\n                    <\/div>\n    <\/div>\n<\/div><div class=\"qode-workflow-item\">\n    <span class=\"line\" style=\"background-color:#00b0bf;\"><\/span>\n    <div class=\"qode-workflow-item-inner reverse\">\n        <div class=\"qode-workflow-image left\">\n            <img loading=\"lazy\" decoding=\"async\" width=\"261\" height=\"97\" src=\"https:\/\/www.ftspa.it\/wp-content\/uploads\/2020\/01\/logo-footer.png\" class=\"attachment-full size-full\" alt=\"\" \/>        <\/div>\n        <div class=\"qode-workflow-text\">\n            <span class=\"circle\" style=\"border-color:#00b0bf;background-color:#00b0bf;\"><\/span>\n                            <h2>2019<\/h2>\n                                        <h3 class=\"qode-workflow-subtitle\">Aujourd\u2019hui<\/h3>\n                                        <p class=\"text\">Nos \u00e9tablissements, qui couvrent une surface de 10.000 m2, disposent de technologies avanc\u00e9es qui nous permettent de r\u00e9aliser des produits de haute qualit\u00e9. Notre mission na\u00eet d\u2019une \u00e9thique productive qui a pour but de commercialiser des articles r\u00e9pondant \u00e0 toute exigence de conformit\u00e9, s\u00e9curit\u00e9 et efficacit\u00e9.<\/p>\n                    <\/div>\n    <\/div>\n<\/div><\/div>[\/vc_column][\/vc_row]<\/p>\n<\/div>[vc_row css_animation=\"\" row_type=\"row\" use_row_as_full_screen_section=\"no\" type=\"grid\" angled_section=\"no\" text_align=\"left\" background_image_as_pattern=\"without_pattern\" z_index=\"\"][vc_column][vc_empty_space][vc_column_text css=\"\"]\r\n<p style=\"font-weight: 400; text-align: center;\">FT S.p.A. ne vend pas directement. Pour toute information commerciale et sur les fournitures, merci de vous adresser au revendeur partenaire FT S.p.A. le plus proche.<\/p>\r\n<p style=\"font-weight: 400; text-align: center;\">Trouvez votre revendeur FT S.p.A. \u00e0 l'aide du <a href=\"https:\/\/www.ftspa.it\/store-locator\/\">localisateur de magasins<\/a> au lien suivant.<\/p>\r\n[\/vc_column_text][vc_empty_space height=\"10px\"]\n<div class=\"wpcf7 no-js\" id=\"wpcf7-f54658-o1\" lang=\"it-IT\" dir=\"ltr\" data-wpcf7-id=\"54658\">\n<div class=\"screen-reader-response\"><p role=\"status\" aria-live=\"polite\" aria-atomic=\"true\"><\/p> <ul><\/ul><\/div>\n<form action=\"\/fr\/wp-json\/wp\/v2\/pages\/48047#wpcf7-f54658-o1\" method=\"post\" class=\"wpcf7-form init default wpcf7-acceptance-as-validation\" aria-label=\"Modulo di contatto\" novalidate=\"novalidate\" data-status=\"init\">\n<fieldset class=\"hidden-fields-container\"><input type=\"hidden\" name=\"_wpcf7\" value=\"54658\" \/><input type=\"hidden\" name=\"_wpcf7_version\" value=\"6.1.3\" \/><input type=\"hidden\" name=\"_wpcf7_locale\" value=\"it_IT\" \/><input type=\"hidden\" name=\"_wpcf7_unit_tag\" value=\"wpcf7-f54658-o1\" \/><input type=\"hidden\" name=\"_wpcf7_container_post\" value=\"0\" \/><input type=\"hidden\" name=\"_wpcf7_posted_data_hash\" value=\"\" \/><input type=\"hidden\" name=\"_wpcf7_recaptcha_response\" value=\"\" \/>\n<\/fieldset>\n<div class=\"cForm-grid\">\n\t<div>\n\t\t<p>Votre adresse e-mail * <span class=\"wpcf7-form-control-wrap\" data-name=\"your-email\"><input size=\"40\" maxlength=\"400\" class=\"wpcf7-form-control wpcf7-email wpcf7-validates-as-required wpcf7-text wpcf7-validates-as-email\" aria-required=\"true\" aria-invalid=\"false\" value=\"\" type=\"email\" name=\"your-email\" \/><\/span><br \/>\n<span class=\"wpcf7-form-control-wrap\" data-name=\"your-company\"><span class=\"wpcf7-form-control wpcf7-radio\"><span class=\"wpcf7-list-item first\"><label><input type=\"radio\" name=\"your-company\" value=\"Revendeur\" checked=\"checked\" \/><span class=\"wpcf7-list-item-label\">Revendeur<\/span><\/label><\/span><span class=\"wpcf7-list-item\"><label><input type=\"radio\" name=\"your-company\" value=\"Entreprise\" \/><span class=\"wpcf7-list-item-label\">Entreprise<\/span><\/label><\/span><span class=\"wpcf7-list-item last\"><label><input type=\"radio\" name=\"your-company\" value=\"Particulier\" \/><span class=\"wpcf7-list-item-label\">Particulier<\/span><\/label><\/span><\/span><\/span><br \/>\n<span class=\"wpcf7-form-control-wrap\" data-name=\"your-privacy\"><span class=\"wpcf7-form-control wpcf7-acceptance\"><span class=\"wpcf7-list-item\"><label><input type=\"checkbox\" name=\"your-privacy\" value=\"1\" aria-invalid=\"false\" \/><span class=\"wpcf7-list-item-label\">J'ai lu et j'accepte la politique de confidentialit\u00e9 <a href=\"https:\/\/www.ftspa.it\/privacy-policy\/\" target=\"_blank\">politique de confidentialit\u00e9<\/a><\/span><\/label><\/span><\/span><\/span><br \/>\n<span class=\"wpcf7-form-control-wrap\" data-name=\"your-newsletter\"><span class=\"wpcf7-form-control wpcf7-checkbox\"><span class=\"wpcf7-list-item first last\"><label><input type=\"checkbox\" name=\"your-newsletter[]\" value=\"Je souhaite m\u2019inscrire \u00e0 la newsletter\" \/><span class=\"wpcf7-list-item-label\">Je souhaite m\u2019inscrire \u00e0 la newsletter<\/span><\/label><\/span><\/span><\/span>\n\t\t<\/p>\n\t<\/div>\n\t<div>\n\t\t<p>Votre message * <span class=\"wpcf7-form-control-wrap\" data-name=\"your-message\"><textarea cols=\"40\" rows=\"1\" maxlength=\"2000\" class=\"wpcf7-form-control wpcf7-textarea\" aria-invalid=\"false\" name=\"your-message\"><\/textarea><\/span><br \/>\n<input class=\"wpcf7-form-control wpcf7-submit has-spinner\" type=\"submit\" value=\"Envoyer\" \/>\n\t\t<\/p>\n\t<\/div>\n<\/div><div class=\"wpcf7-response-output\" aria-hidden=\"true\"><\/div>\n<\/form>\n<\/div>\n[\/vc_column][\/vc_row]","protected":false},"excerpt":{"rendered":"<p>[vc_row css_animation=&#8221;&#8221; row_type=&#8221;row&#8221; use_row_as_full_screen_section=&#8221;no&#8221; type=&#8221;full_width&#8221; angled_section=&#8221;no&#8221; text_align=&#8221;left&#8221; background_image_as_pattern=&#8221;without_pattern&#8221;][vc_column][\/vc_column][\/vc_row] [vc_row css_animation=&#8221;&#8221; row_type=&#8221;row&#8221; use_row_as_full_screen_section=&#8221;no&#8221; type=&#8221;grid&#8221; angled_section=&#8221;no&#8221; text_align=&#8221;left&#8221; background_image_as_pattern=&#8221;without_pattern&#8221; z_index=&#8221;&#8221;][vc_column][vc_empty_space][vc_column_text css=&#8221;&#8221;] FT S.p.A. ne vend pas directement. Pour toute information commerciale et sur les fournitures, merci de vous adresser au revendeur partenaire FT&#8230;<\/p>\n","protected":false},"author":8792,"featured_media":0,"parent":0,"menu_order":0,"comment_status":"closed","ping_status":"closed","template":"full_width.php","meta":{"_acf_changed":false,"footnotes":""},"class_list":["post-48047","page","type-page","status-publish","hentry"],"acf":[],"yoast_head":"<!-- This site is optimized with the Yoast SEO plugin v26.3 - https:\/\/yoast.com\/wordpress\/plugins\/seo\/ -->\n<title>FT spa - Histoire<\/title>\n<meta name=\"description\" content=\"Produttori di attrezzature per edilizia dal 1969, quando nasce la Filotecnica di Minari e brevetta la bobina di filo cotto: un innovazione!\" \/>\n<meta name=\"robots\" content=\"index, follow, max-snippet:-1, max-image-preview:large, max-video-preview:-1\" \/>\n<link rel=\"canonical\" href=\"https:\/\/www.ftspa.it\/storia\/\" \/>\n<meta property=\"og:locale\" content=\"fr_FR\" \/>\n<meta property=\"og:type\" content=\"article\" \/>\n<meta property=\"og:title\" content=\"FT spa - Histoire\" \/>\n<meta property=\"og:description\" content=\"Produttori di attrezzature per edilizia dal 1969, quando nasce la Filotecnica di Minari e brevetta la bobina di filo cotto: un innovazione!\" \/>\n<meta property=\"og:url\" content=\"https:\/\/www.ftspa.it\/storia\/\" \/>\n<meta property=\"og:site_name\" content=\"FT S.p.A.\" \/>\n<meta property=\"article:publisher\" content=\"https:\/\/www.facebook.com\/FTspa1969\/\" \/>\n<meta property=\"article:modified_time\" content=\"2024-03-01T09:54:49+00:00\" \/>\n<meta name=\"twitter:card\" content=\"summary_large_image\" \/>\n<meta name=\"twitter:label1\" content=\"Dur\u00e9e de lecture estim\u00e9e\" \/>\n\t<meta name=\"twitter:data1\" content=\"2 minutes\" \/>\n<script type=\"application\/ld+json\" class=\"yoast-schema-graph\">{\"@context\":\"https:\/\/schema.org\",\"@graph\":[{\"@type\":\"WebPage\",\"@id\":\"https:\/\/www.ftspa.it\/storia\/\",\"url\":\"https:\/\/www.ftspa.it\/storia\/\",\"name\":\"FT spa - Histoire\",\"isPartOf\":{\"@id\":\"https:\/\/www.ftspa.it\/#website\"},\"datePublished\":\"2024-02-29T07:42:06+00:00\",\"dateModified\":\"2024-03-01T09:54:49+00:00\",\"description\":\"Produttori di attrezzature per edilizia dal 1969, quando nasce la Filotecnica di Minari e brevetta la bobina di filo cotto: un innovazione!\",\"breadcrumb\":{\"@id\":\"https:\/\/www.ftspa.it\/storia\/#breadcrumb\"},\"inLanguage\":\"fr-FR\",\"potentialAction\":[{\"@type\":\"ReadAction\",\"target\":[\"https:\/\/www.ftspa.it\/storia\/\"]}]},{\"@type\":\"BreadcrumbList\",\"@id\":\"https:\/\/www.ftspa.it\/storia\/#breadcrumb\",\"itemListElement\":[{\"@type\":\"ListItem\",\"position\":1,\"name\":\"Home\",\"item\":\"https:\/\/www.ftspa.it\/fr\/\"},{\"@type\":\"ListItem\",\"position\":2,\"name\":\"Histoire\"}]},{\"@type\":\"WebSite\",\"@id\":\"https:\/\/www.ftspa.it\/#website\",\"url\":\"https:\/\/www.ftspa.it\/\",\"name\":\"https:\/\/www.ftspa.it\/\",\"description\":\"\",\"publisher\":{\"@id\":\"https:\/\/www.ftspa.it\/#organization\"},\"potentialAction\":[{\"@type\":\"SearchAction\",\"target\":{\"@type\":\"EntryPoint\",\"urlTemplate\":\"https:\/\/www.ftspa.it\/?s={search_term_string}\"},\"query-input\":{\"@type\":\"PropertyValueSpecification\",\"valueRequired\":true,\"valueName\":\"search_term_string\"}}],\"inLanguage\":\"fr-FR\"},{\"@type\":\"Organization\",\"@id\":\"https:\/\/www.ftspa.it\/#organization\",\"name\":\"https:\/\/www.ftspa.it\/\",\"url\":\"https:\/\/www.ftspa.it\/\",\"logo\":{\"@type\":\"ImageObject\",\"inLanguage\":\"fr-FR\",\"@id\":\"https:\/\/www.ftspa.it\/#\/schema\/logo\/image\/\",\"url\":\"https:\/\/www.ftspa.it\/wp-content\/uploads\/2020\/01\/logo.png\",\"contentUrl\":\"https:\/\/www.ftspa.it\/wp-content\/uploads\/2020\/01\/logo.png\",\"width\":204,\"height\":84,\"caption\":\"https:\/\/www.ftspa.it\/\"},\"image\":{\"@id\":\"https:\/\/www.ftspa.it\/#\/schema\/logo\/image\/\"},\"sameAs\":[\"https:\/\/www.facebook.com\/FTspa1969\/\",\"https:\/\/www.linkedin.com\/company\/ft-spa\/\"]}]}<\/script>\n<!-- \/ Yoast SEO plugin. -->","yoast_head_json":{"title":"FT spa - Histoire","description":"Produttori di attrezzature per edilizia dal 1969, quando nasce la Filotecnica di Minari e brevetta la bobina di filo cotto: un innovazione!","robots":{"index":"index","follow":"follow","max-snippet":"max-snippet:-1","max-image-preview":"max-image-preview:large","max-video-preview":"max-video-preview:-1"},"canonical":"https:\/\/www.ftspa.it\/storia\/","og_locale":"fr_FR","og_type":"article","og_title":"FT spa - Histoire","og_description":"Produttori di attrezzature per edilizia dal 1969, quando nasce la Filotecnica di Minari e brevetta la bobina di filo cotto: un innovazione!","og_url":"https:\/\/www.ftspa.it\/storia\/","og_site_name":"FT S.p.A.","article_publisher":"https:\/\/www.facebook.com\/FTspa1969\/","article_modified_time":"2024-03-01T09:54:49+00:00","twitter_card":"summary_large_image","twitter_misc":{"Dur\u00e9e de lecture estim\u00e9e":"2 minutes"},"schema":{"@context":"https:\/\/schema.org","@graph":[{"@type":"WebPage","@id":"https:\/\/www.ftspa.it\/storia\/","url":"https:\/\/www.ftspa.it\/storia\/","name":"FT spa - Histoire","isPartOf":{"@id":"https:\/\/www.ftspa.it\/#website"},"datePublished":"2024-02-29T07:42:06+00:00","dateModified":"2024-03-01T09:54:49+00:00","description":"Produttori di attrezzature per edilizia dal 1969, quando nasce la Filotecnica di Minari e brevetta la bobina di filo cotto: un innovazione!","breadcrumb":{"@id":"https:\/\/www.ftspa.it\/storia\/#breadcrumb"},"inLanguage":"fr-FR","potentialAction":[{"@type":"ReadAction","target":["https:\/\/www.ftspa.it\/storia\/"]}]},{"@type":"BreadcrumbList","@id":"https:\/\/www.ftspa.it\/storia\/#breadcrumb","itemListElement":[{"@type":"ListItem","position":1,"name":"Home","item":"https:\/\/www.ftspa.it\/fr\/"},{"@type":"ListItem","position":2,"name":"Histoire"}]},{"@type":"WebSite","@id":"https:\/\/www.ftspa.it\/#website","url":"https:\/\/www.ftspa.it\/","name":"https:\/\/www.ftspa.it\/","description":"","publisher":{"@id":"https:\/\/www.ftspa.it\/#organization"},"potentialAction":[{"@type":"SearchAction","target":{"@type":"EntryPoint","urlTemplate":"https:\/\/www.ftspa.it\/?s={search_term_string}"},"query-input":{"@type":"PropertyValueSpecification","valueRequired":true,"valueName":"search_term_string"}}],"inLanguage":"fr-FR"},{"@type":"Organization","@id":"https:\/\/www.ftspa.it\/#organization","name":"https:\/\/www.ftspa.it\/","url":"https:\/\/www.ftspa.it\/","logo":{"@type":"ImageObject","inLanguage":"fr-FR","@id":"https:\/\/www.ftspa.it\/#\/schema\/logo\/image\/","url":"https:\/\/www.ftspa.it\/wp-content\/uploads\/2020\/01\/logo.png","contentUrl":"https:\/\/www.ftspa.it\/wp-content\/uploads\/2020\/01\/logo.png","width":204,"height":84,"caption":"https:\/\/www.ftspa.it\/"},"image":{"@id":"https:\/\/www.ftspa.it\/#\/schema\/logo\/image\/"},"sameAs":["https:\/\/www.facebook.com\/FTspa1969\/","https:\/\/www.linkedin.com\/company\/ft-spa\/"]}]}},"_links":{"self":[{"href":"https:\/\/www.ftspa.it\/fr\/wp-json\/wp\/v2\/pages\/48047","targetHints":{"allow":["GET"]}}],"collection":[{"href":"https:\/\/www.ftspa.it\/fr\/wp-json\/wp\/v2\/pages"}],"about":[{"href":"https:\/\/www.ftspa.it\/fr\/wp-json\/wp\/v2\/types\/page"}],"author":[{"embeddable":true,"href":"https:\/\/www.ftspa.it\/fr\/wp-json\/wp\/v2\/users\/8792"}],"replies":[{"embeddable":true,"href":"https:\/\/www.ftspa.it\/fr\/wp-json\/wp\/v2\/comments?post=48047"}],"version-history":[{"count":5,"href":"https:\/\/www.ftspa.it\/fr\/wp-json\/wp\/v2\/pages\/48047\/revisions"}],"predecessor-version":[{"id":48114,"href":"https:\/\/www.ftspa.it\/fr\/wp-json\/wp\/v2\/pages\/48047\/revisions\/48114"}],"wp:attachment":[{"href":"https:\/\/www.ftspa.it\/fr\/wp-json\/wp\/v2\/media?parent=48047"}],"curies":[{"name":"wp","href":"https:\/\/api.w.org\/{rel}","templated":true}]}}