{"id":48379,"date":"2024-03-25T09:25:47","date_gmt":"2024-03-25T08:25:47","guid":{"rendered":"https:\/\/www.ftspa.it\/politique-de-confidentialite-complete-conforme-au-rgpd-679-16\/"},"modified":"2024-03-25T09:48:07","modified_gmt":"2024-03-25T08:48:07","slug":"privacy-policy","status":"publish","type":"page","link":"https:\/\/www.ftspa.it\/fr\/privacy-policy\/","title":{"rendered":"POLITIQUE DE CONFIDENTIALIT\u00c9 COMPL\u00c8TE CONFORME AU RGPD 679\/16"},"content":{"rendered":"<div class=\"wpb-content-wrapper\"><p>[vc_row css_animation=&#8221;&#8221; row_type=&#8221;row&#8221; use_row_as_full_screen_section=&#8221;no&#8221; type=&#8221;full_width&#8221; angled_section=&#8221;no&#8221; text_align=&#8221;left&#8221; background_image_as_pattern=&#8221;without_pattern&#8221; css=&#8221;.vc_custom_1566488540547{padding-top: 60px !important;padding-right: 15px !important;padding-bottom: 60px !important;padding-left: 15px !important;}&#8221; z_index=&#8221;&#8221;][vc_column width=&#8221;1\/6&#8243;][\/vc_column][vc_column width=&#8221;2\/3&#8243;][vc_column_text]<\/p>\n<h2>POLITIQUE DE CONFIDENTIALIT\u00c9 COMPL\u00c8TE CONFORME AU RGPD 679\/16<\/h2>\n<p>Cette politique de confidentialit\u00e9 r\u00e9git le traitement des donn\u00e9es personnelles effectu\u00e9 par notre soci\u00e9t\u00e9 sur ce site internet, conform\u00e9ment \u00e0 la r\u00e9glementation en vigueur en mati\u00e8re de protection des donn\u00e9es, en particulier le R\u00e8glement UE 2016\/679 (ci-apr\u00e8s \u00ab RGPD \u00bb).<\/p>\n<p><strong>Responsable du Traitement<\/strong>: FT S.p.A<br \/>\n<strong>Si\u00e8ge<\/strong>: Via Cisa, 81 \u2013 42041, Lentigione di Brescello &#8211; REGGIO EMILIA (RE)<br \/>\n<strong>Contacts<\/strong>: Tel: 0522-680424 \u2013 E-mail: <a href=\"mailto:info@ftspa.it\">info@ftspa.it <\/a><\/p>\n<p>FT S.p.A est responsable envers vous de l&#8217;utilisation l\u00e9gale et correcte de vos donn\u00e9es personnelles et peut \u00eatre contact\u00e9 pour toute information ou demande concernant le traitement de vos donn\u00e9es.<\/p>\n<p><strong>POLITIQUE DE CONFIDENTIALIT\u00c9<\/strong>Cette page d\u00e9crit la gestion du site en ce qui concerne le traitement des donn\u00e9es personnelles des utilisateurs qui le consultent.<br \/>\nCes informations sont fournies conform\u00e9ment au nouveau RGPD 2016\/679 sur la protection des donn\u00e9es personnelles \u00e0 ceux qui interagissent avec les services internet accessibles par voie \u00e9lectronique \u00e0 partir de l&#8217;adresse : \/\/www.ftspa.it\/<br \/>\nCes informations sont fournies uniquement pour le site internet en question et non pour les autres sites internet consult\u00e9s par l&#8217;utilisateur via des liens. Les indications fournies ci-dessous concernent notamment la collecte de donn\u00e9es personnelles sur Internet dans le but d&#8217;identifier les mesures minimales qui doivent \u00eatre mises en \u0153uvre \u00e0 l&#8217;\u00e9gard des personnes concern\u00e9es afin de garantir la loyaut\u00e9 et la lic\u00e9it\u00e9 de cette pratique.<\/p>\n<p><strong>LIEU DU TRAITEMENT DES DONN\u00c9ES<\/strong><br \/>\nLes traitements li\u00e9s aux services internet de ce site ont lieu dans les locaux susmentionn\u00e9s et sont effectu\u00e9s uniquement par des employ\u00e9s, des collaborateurs ou des personnes charg\u00e9es du traitement, ou par des personnes charg\u00e9es d&#8217;op\u00e9rations de maintenance occasionnelles. Aucune donn\u00e9e d\u00e9rivant du service internet n&#8217;est communiqu\u00e9e ou diffus\u00e9e. Les donn\u00e9es personnelles fournies par les utilisateurs qui demandent l&#8217;envoi de mat\u00e9riel d&#8217;information sont utilis\u00e9es dans le seul but d&#8217;ex\u00e9cuter le service ou la prestation demand\u00e9e et sont communiqu\u00e9es \u00e0 des tiers lorsque cela est n\u00e9cessaire \u00e0 cette fin.<\/p>\n<p><strong>DONN\u00c9ES, FINALIT\u00c9 ET BASE JURIDIQUE<\/strong><br \/>\nLes syst\u00e8mes et les programmes informatiques utilis\u00e9s pour le fonctionnement du site collectent certaines donn\u00e9es personnelles dont la transmission est implicite dans l&#8217;utilisation des protocoles de communication Internet (par exemple, les adresses IP ou les noms de domaine des ordinateurs utilis\u00e9s par les utilisateurs qui se connectent au site, les adresses URI &#8211; Uniform Resource Identifier &#8211; des ressources demand\u00e9es, l&#8217;heure de la demande, la m\u00e9thode utilis\u00e9e pour soumettre la demande au serveur, la taille du fichier obtenu en r\u00e9ponse, le code num\u00e9rique relatif \u00e0 l&#8217;\u00e9tat de la r\u00e9ponse du serveur -r\u00e9ussi, erreur, etc.- et d&#8217;autres param\u00e8tres relatifs au syst\u00e8me d&#8217;exploitation et \u00e0 l&#8217;environnement informatique de l&#8217;utilisateur). Bien que ces informations ne soient pas collect\u00e9es pour \u00eatre associ\u00e9es \u00e0 des personnes int\u00e9ress\u00e9es identifi\u00e9es, elles pourraient, de par leur nature, permettre d&#8217;identifier les utilisateurs par le biais d&#8217;un traitement et d&#8217;une association avec des donn\u00e9es d\u00e9tenues par des tiers.<br \/>\nCes donn\u00e9es sont utilis\u00e9es dans le seul but d&#8217;obtenir des informations statistiques non associ\u00e9es \u00e0 des donn\u00e9es d&#8217;identification de l&#8217;utilisateur sur l&#8217;utilisation du site et pour en v\u00e9rifier le bon fonctionnement et sont supprim\u00e9es imm\u00e9diatement apr\u00e8s le traitement. Les donn\u00e9es pourraient \u00eatre utilis\u00e9es pour d\u00e9terminer les responsabilit\u00e9s en cas d&#8217;hypoth\u00e9tiques d\u00e9lits informatiques au d\u00e9triment du site.<br \/>\nL&#8217;envoi facultatif, explicite et volontaire de vos donn\u00e9es personnelles (nom, pr\u00e9nom, adresse \u00e9lectronique, coordonn\u00e9es bancaires, CV) \u00e0 l&#8217;adresse indiqu\u00e9e sur ce site ou en remplissant le formulaire de demande de devis ou d&#8217;informations compl\u00e9mentaires sur nos activit\u00e9s, entra\u00eene l&#8217;acquisition ult\u00e9rieure de l&#8217;adresse de l&#8217;exp\u00e9diteur, n\u00e9cessaire pour r\u00e9pondre aux demandes, ainsi que d&#8217;\u00e9ventuelles autres donn\u00e9es personnelles saisies dans le champ de collecte des donn\u00e9es.<\/p>\n<p><strong>DEMANDE DE RENSEIGNEMENTS<\/strong><br \/>\nEn remplissant les champs de collecte de donn\u00e9es appropri\u00e9s, vous pouvez demander des renseignements sur les services offerts par le responsable du traitement. Les donn\u00e9es personnelles envoy\u00e9es par le biais du formulaire seront acquises et trait\u00e9es uniquement et exclusivement pour donner suite \u00e0 la demande de renseignements, en contactant l&#8217;utilisateur par le biais des champs de contact fournis. La base juridique de ce traitement est le consentement de l&#8217;int\u00e9ress\u00e9, qui doit \u00eatre exprim\u00e9 librement avant l&#8217;envoi des donn\u00e9es personnelles.<\/p>\n<p><strong>TRAITEMENT DES DONN\u00c9ES \u00c0 DES FINS D&#8217;ACC\u00c8S ET D&#8217;ENREGISTREMENT AU SITE<\/strong><br \/>\nFT S.p.A. traite les donn\u00e9es personnelles des utilisateurs afin de leur permettre de s&#8217;enregistrer sur le site, en cr\u00e9ant un compte, et de b\u00e9n\u00e9ficier des services r\u00e9serv\u00e9s aux utilisateurs enregistr\u00e9s, ainsi que pour leur permettre d&#8217;acc\u00e9der au site et de naviguer en tant qu&#8217;utilisateur connect\u00e9, en reconnaissant l&#8217;utilisateur quel que soit le dispositif utilis\u00e9.<br \/>\nLa fourniture de donn\u00e9es \u00e0 cette fin est facultative. Toutefois, le traitement \u00e9tant n\u00e9cessaire pour permettre l&#8217;acc\u00e8s \u00e0 la zone r\u00e9serv\u00e9e du Site et\/ou la navigation, la fourniture des services de gestion et de maintenance du compte, la non-communication des donn\u00e9es entra\u00eenera l&#8217;impossibilit\u00e9 de conclure la cr\u00e9ation du compte d\u00e9di\u00e9 et des avantages qui y sont associ\u00e9s.<\/p>\n<p><strong>CARACT\u00c8RE OBLIGATOIRE DE LA FOURNITURE DE DONN\u00c9ES<\/strong><br \/>\nLe consentement est toujours libre et facultatif; sans votre consentement, il ne sera pas possible d&#8217;envoyer des donn\u00e9es \u00e0 caract\u00e8re personnel. En revanche, la fourniture de donn\u00e9es est obligatoire: la non-communication des donn\u00e9es ou la fourniture de donn\u00e9es incorrectes emp\u00eachera le traitement.<\/p>\n<p><strong>DESTINATAIRES ET TRANSFERTS EN DEHORS DE L&#8217;UNION EUROP\u00c9ENNE<\/strong><br \/>\nVos donn\u00e9es ne seront pas divulgu\u00e9es \u00e0 des tiers ni revendues pour quelque raison que ce soit. Elles peuvent \u00eatre trait\u00e9es par des sous-traitants externes formellement d\u00e9sign\u00e9s (dont la liste est disponible sur demande) appartenant \u00e0 des cat\u00e9gories d&#8217;entit\u00e9s qui soutiennent le responsable du traitement dans la fourniture des services offerts par le biais de ce site (par exemple, les d\u00e9veloppeurs de logiciels, les gestionnaires du site internet).<\/p>\n<p><strong>M\u00c9THODES DE TRAITEMENT<\/strong><br \/>\nLes donn\u00e9es personnelles sont trait\u00e9es par des outils automatis\u00e9s pendant le temps strictement n\u00e9cessaire pour atteindre les objectifs pour lesquels elles ont \u00e9t\u00e9 collect\u00e9es, \u00e0 moins que les m\u00eames informations ne fassent l&#8217;objet d&#8217;un autre traitement par le m\u00eame responsable du traitement. Des mesures de s\u00e9curit\u00e9 sp\u00e9cifiques sont observ\u00e9es pour \u00e9viter la perte des donn\u00e9es, leur utilisation illicite ou incorrecte, conform\u00e9ment aux obligations de respecter des mesures de s\u00e9curit\u00e9 minimales.<br \/>\nEn tout \u00e9tat de cause, en cas de retrait du consentement, les donn\u00e9es ne seront plus trait\u00e9es.<\/p>\n<p>Nous vous informons \u00e9galement des droits suivants que vous pouvez faire valoir aupr\u00e8s du responsable du traitement:<br \/>\nDroit de demander l&#8217;acc\u00e8s \u00e0 vos donn\u00e9es \u00e0 caract\u00e8re personnel (art. 15)<br \/>\nDroit de rectification (art. 16) ou droit \u00e0 l&#8217;effacement des donn\u00e9es \u00e0 caract\u00e8re personnel (art. 17)<br \/>\nDroit \u00e0 la limitation (art. 18) ou droit de s&#8217;opposer au traitement (art. 21)<br \/>\nDroit \u00e0 la portabilit\u00e9 des donn\u00e9es (article 20)<br \/>\nDroit de r\u00e9voquer le consentement donn\u00e9 pour une ou plusieurs finalit\u00e9s d\u00e9termin\u00e9es, \u00e0 tout moment, sans pr\u00e9judice du traitement effectu\u00e9 avant la r\u00e9vocation du consentement (dont vous pouvez demander l&#8217;effacement)<br \/>\nDroit d&#8217;introduire une r\u00e9clamation aupr\u00e8s du contr\u00f4leur de la protection des donn\u00e9es (Art. 77)<br \/>\nLes demandes d&#8217;exercice des droits indiqu\u00e9s dans cette politique de confidentialit\u00e9, y compris, en particulier, le droit \u00e0 l&#8217;effacement et le droit \u00e0 la r\u00e9vocation du consentement donn\u00e9, doivent \u00eatre adress\u00e9es directement au responsable du traitement \u00e0 l&#8217;adresse \u00e9lectronique suivante: <a href=\"mailto:info@ftspa.it\">info@ftspa.it<\/a>[\/vc_column_text][\/vc_column][vc_column width=&#8221;1\/6&#8243;][\/vc_column][\/vc_row]<\/p>\n<\/div>[vc_row css_animation=\"\" row_type=\"row\" use_row_as_full_screen_section=\"no\" type=\"grid\" angled_section=\"no\" text_align=\"left\" background_image_as_pattern=\"without_pattern\" z_index=\"\"][vc_column][vc_empty_space][vc_column_text css=\"\"]\r\n<p style=\"font-weight: 400; text-align: center;\">FT S.p.A. ne vend pas directement. Pour toute information commerciale et sur les fournitures, merci de vous adresser au revendeur partenaire FT S.p.A. le plus proche.<\/p>\r\n<p style=\"font-weight: 400; text-align: center;\">Trouvez votre revendeur FT S.p.A. \u00e0 l'aide du <a href=\"https:\/\/www.ftspa.it\/store-locator\/\">localisateur de magasins<\/a> au lien suivant.<\/p>\r\n[\/vc_column_text][vc_empty_space height=\"10px\"]\n<div class=\"wpcf7 no-js\" id=\"wpcf7-f54658-o1\" lang=\"it-IT\" dir=\"ltr\" data-wpcf7-id=\"54658\">\n<div class=\"screen-reader-response\"><p role=\"status\" aria-live=\"polite\" aria-atomic=\"true\"><\/p> <ul><\/ul><\/div>\n<form action=\"\/fr\/wp-json\/wp\/v2\/pages\/48379#wpcf7-f54658-o1\" method=\"post\" class=\"wpcf7-form init default wpcf7-acceptance-as-validation\" aria-label=\"Modulo di contatto\" novalidate=\"novalidate\" data-status=\"init\">\n<fieldset class=\"hidden-fields-container\"><input type=\"hidden\" name=\"_wpcf7\" value=\"54658\" \/><input type=\"hidden\" name=\"_wpcf7_version\" value=\"6.1.3\" \/><input type=\"hidden\" name=\"_wpcf7_locale\" value=\"it_IT\" \/><input type=\"hidden\" name=\"_wpcf7_unit_tag\" value=\"wpcf7-f54658-o1\" \/><input type=\"hidden\" name=\"_wpcf7_container_post\" value=\"0\" \/><input type=\"hidden\" name=\"_wpcf7_posted_data_hash\" value=\"\" \/><input type=\"hidden\" name=\"_wpcf7_recaptcha_response\" value=\"\" \/>\n<\/fieldset>\n<div class=\"cForm-grid\">\n\t<div>\n\t\t<p>Votre adresse e-mail * <span class=\"wpcf7-form-control-wrap\" data-name=\"your-email\"><input size=\"40\" maxlength=\"400\" class=\"wpcf7-form-control wpcf7-email wpcf7-validates-as-required wpcf7-text wpcf7-validates-as-email\" aria-required=\"true\" aria-invalid=\"false\" value=\"\" type=\"email\" name=\"your-email\" \/><\/span><br \/>\n<span class=\"wpcf7-form-control-wrap\" data-name=\"your-company\"><span class=\"wpcf7-form-control wpcf7-radio\"><span class=\"wpcf7-list-item first\"><label><input type=\"radio\" name=\"your-company\" value=\"Revendeur\" checked=\"checked\" \/><span class=\"wpcf7-list-item-label\">Revendeur<\/span><\/label><\/span><span class=\"wpcf7-list-item\"><label><input type=\"radio\" name=\"your-company\" value=\"Entreprise\" \/><span class=\"wpcf7-list-item-label\">Entreprise<\/span><\/label><\/span><span class=\"wpcf7-list-item last\"><label><input type=\"radio\" name=\"your-company\" value=\"Particulier\" \/><span class=\"wpcf7-list-item-label\">Particulier<\/span><\/label><\/span><\/span><\/span><br \/>\n<span class=\"wpcf7-form-control-wrap\" data-name=\"your-privacy\"><span class=\"wpcf7-form-control wpcf7-acceptance\"><span class=\"wpcf7-list-item\"><label><input type=\"checkbox\" name=\"your-privacy\" value=\"1\" aria-invalid=\"false\" \/><span class=\"wpcf7-list-item-label\">J'ai lu et j'accepte la politique de confidentialit\u00e9 <a href=\"https:\/\/www.ftspa.it\/privacy-policy\/\" target=\"_blank\">politique de confidentialit\u00e9<\/a><\/span><\/label><\/span><\/span><\/span><br \/>\n<span class=\"wpcf7-form-control-wrap\" data-name=\"your-newsletter\"><span class=\"wpcf7-form-control wpcf7-checkbox\"><span class=\"wpcf7-list-item first last\"><label><input type=\"checkbox\" name=\"your-newsletter[]\" value=\"Je souhaite m\u2019inscrire \u00e0 la newsletter\" \/><span class=\"wpcf7-list-item-label\">Je souhaite m\u2019inscrire \u00e0 la newsletter<\/span><\/label><\/span><\/span><\/span>\n\t\t<\/p>\n\t<\/div>\n\t<div>\n\t\t<p>Votre message * <span class=\"wpcf7-form-control-wrap\" data-name=\"your-message\"><textarea cols=\"40\" rows=\"1\" maxlength=\"2000\" class=\"wpcf7-form-control wpcf7-textarea\" aria-invalid=\"false\" name=\"your-message\"><\/textarea><\/span><br \/>\n<input class=\"wpcf7-form-control wpcf7-submit has-spinner\" type=\"submit\" value=\"Envoyer\" \/>\n\t\t<\/p>\n\t<\/div>\n<\/div><div class=\"wpcf7-response-output\" aria-hidden=\"true\"><\/div>\n<\/form>\n<\/div>\n[\/vc_column][\/vc_row]","protected":false},"excerpt":{"rendered":"<p>[vc_row css_animation=&#8221;&#8221; row_type=&#8221;row&#8221; use_row_as_full_screen_section=&#8221;no&#8221; type=&#8221;full_width&#8221; angled_section=&#8221;no&#8221; text_align=&#8221;left&#8221; background_image_as_pattern=&#8221;without_pattern&#8221; css=&#8221;.vc_custom_1566488540547{padding-top: 60px !important;padding-right: 15px !important;padding-bottom: 60px !important;padding-left: 15px !important;}&#8221; z_index=&#8221;&#8221;][vc_column width=&#8221;1\/6&#8243;][\/vc_column][vc_column width=&#8221;2\/3&#8243;][vc_column_text] POLITIQUE DE CONFIDENTIALIT\u00c9 COMPL\u00c8TE CONFORME AU RGPD 679\/16 Cette politique de confidentialit\u00e9 r\u00e9git le traitement des donn\u00e9es personnelles effectu\u00e9 par&#8230;<\/p>\n","protected":false},"author":8792,"featured_media":0,"parent":0,"menu_order":0,"comment_status":"closed","ping_status":"closed","template":"full_width.php","meta":{"_acf_changed":false,"footnotes":""},"class_list":["post-48379","page","type-page","status-publish","hentry"],"acf":[],"yoast_head":"<!-- This site is optimized with the Yoast SEO plugin v26.3 - https:\/\/yoast.com\/wordpress\/plugins\/seo\/ -->\n<title>FT spa - POLITIQUE DE CONFIDENTIALIT\u00c9 COMPL\u00c8TE CONFORME AU RGPD 679\/16<\/title>\n<meta name=\"description\" content=\"Scopri le dondizioni su: INFORMATIVA PER IL TRATTAMENTO DEI DATI PERSONALI AI FINI DELL&#039;INVIO DI COMUNICAZIONI PROMOZIONALI\" \/>\n<meta name=\"robots\" content=\"index, follow, max-snippet:-1, max-image-preview:large, max-video-preview:-1\" \/>\n<link rel=\"canonical\" href=\"https:\/\/www.ftspa.it\/privacy-policy\/\" \/>\n<meta property=\"og:locale\" content=\"fr_FR\" \/>\n<meta property=\"og:type\" content=\"article\" \/>\n<meta property=\"og:title\" content=\"FT spa - POLITIQUE DE CONFIDENTIALIT\u00c9 COMPL\u00c8TE CONFORME AU RGPD 679\/16\" \/>\n<meta property=\"og:description\" content=\"Scopri le dondizioni su: INFORMATIVA PER IL TRATTAMENTO DEI DATI PERSONALI AI FINI DELL&#039;INVIO DI COMUNICAZIONI PROMOZIONALI\" \/>\n<meta property=\"og:url\" content=\"https:\/\/www.ftspa.it\/privacy-policy\/\" \/>\n<meta property=\"og:site_name\" content=\"FT S.p.A.\" \/>\n<meta property=\"article:publisher\" content=\"https:\/\/www.facebook.com\/FTspa1969\/\" \/>\n<meta property=\"article:modified_time\" content=\"2024-03-25T08:48:07+00:00\" \/>\n<meta name=\"twitter:card\" content=\"summary_large_image\" \/>\n<meta name=\"twitter:label1\" content=\"Dur\u00e9e de lecture estim\u00e9e\" \/>\n\t<meta name=\"twitter:data1\" content=\"7 minutes\" \/>\n<script type=\"application\/ld+json\" class=\"yoast-schema-graph\">{\"@context\":\"https:\/\/schema.org\",\"@graph\":[{\"@type\":\"WebPage\",\"@id\":\"https:\/\/www.ftspa.it\/privacy-policy\/\",\"url\":\"https:\/\/www.ftspa.it\/privacy-policy\/\",\"name\":\"FT spa - POLITIQUE DE CONFIDENTIALIT\u00c9 COMPL\u00c8TE CONFORME AU RGPD 679\/16\",\"isPartOf\":{\"@id\":\"https:\/\/www.ftspa.it\/#website\"},\"datePublished\":\"2024-03-25T08:25:47+00:00\",\"dateModified\":\"2024-03-25T08:48:07+00:00\",\"description\":\"Scopri le dondizioni su: INFORMATIVA PER IL TRATTAMENTO DEI DATI PERSONALI AI FINI DELL'INVIO DI COMUNICAZIONI PROMOZIONALI\",\"breadcrumb\":{\"@id\":\"https:\/\/www.ftspa.it\/privacy-policy\/#breadcrumb\"},\"inLanguage\":\"fr-FR\",\"potentialAction\":[{\"@type\":\"ReadAction\",\"target\":[\"https:\/\/www.ftspa.it\/privacy-policy\/\"]}]},{\"@type\":\"BreadcrumbList\",\"@id\":\"https:\/\/www.ftspa.it\/privacy-policy\/#breadcrumb\",\"itemListElement\":[{\"@type\":\"ListItem\",\"position\":1,\"name\":\"Home\",\"item\":\"https:\/\/www.ftspa.it\/fr\/\"},{\"@type\":\"ListItem\",\"position\":2,\"name\":\"POLITIQUE DE CONFIDENTIALIT\u00c9 COMPL\u00c8TE CONFORME AU RGPD 679\/16\"}]},{\"@type\":\"WebSite\",\"@id\":\"https:\/\/www.ftspa.it\/#website\",\"url\":\"https:\/\/www.ftspa.it\/\",\"name\":\"https:\/\/www.ftspa.it\/\",\"description\":\"\",\"publisher\":{\"@id\":\"https:\/\/www.ftspa.it\/#organization\"},\"potentialAction\":[{\"@type\":\"SearchAction\",\"target\":{\"@type\":\"EntryPoint\",\"urlTemplate\":\"https:\/\/www.ftspa.it\/?s={search_term_string}\"},\"query-input\":{\"@type\":\"PropertyValueSpecification\",\"valueRequired\":true,\"valueName\":\"search_term_string\"}}],\"inLanguage\":\"fr-FR\"},{\"@type\":\"Organization\",\"@id\":\"https:\/\/www.ftspa.it\/#organization\",\"name\":\"https:\/\/www.ftspa.it\/\",\"url\":\"https:\/\/www.ftspa.it\/\",\"logo\":{\"@type\":\"ImageObject\",\"inLanguage\":\"fr-FR\",\"@id\":\"https:\/\/www.ftspa.it\/#\/schema\/logo\/image\/\",\"url\":\"https:\/\/www.ftspa.it\/wp-content\/uploads\/2020\/01\/logo.png\",\"contentUrl\":\"https:\/\/www.ftspa.it\/wp-content\/uploads\/2020\/01\/logo.png\",\"width\":204,\"height\":84,\"caption\":\"https:\/\/www.ftspa.it\/\"},\"image\":{\"@id\":\"https:\/\/www.ftspa.it\/#\/schema\/logo\/image\/\"},\"sameAs\":[\"https:\/\/www.facebook.com\/FTspa1969\/\",\"https:\/\/www.linkedin.com\/company\/ft-spa\/\"]}]}<\/script>\n<!-- \/ Yoast SEO plugin. -->","yoast_head_json":{"title":"FT spa - POLITIQUE DE CONFIDENTIALIT\u00c9 COMPL\u00c8TE CONFORME AU RGPD 679\/16","description":"Scopri le dondizioni su: INFORMATIVA PER IL TRATTAMENTO DEI DATI PERSONALI AI FINI DELL'INVIO DI COMUNICAZIONI PROMOZIONALI","robots":{"index":"index","follow":"follow","max-snippet":"max-snippet:-1","max-image-preview":"max-image-preview:large","max-video-preview":"max-video-preview:-1"},"canonical":"https:\/\/www.ftspa.it\/privacy-policy\/","og_locale":"fr_FR","og_type":"article","og_title":"FT spa - POLITIQUE DE CONFIDENTIALIT\u00c9 COMPL\u00c8TE CONFORME AU RGPD 679\/16","og_description":"Scopri le dondizioni su: INFORMATIVA PER IL TRATTAMENTO DEI DATI PERSONALI AI FINI DELL'INVIO DI COMUNICAZIONI PROMOZIONALI","og_url":"https:\/\/www.ftspa.it\/privacy-policy\/","og_site_name":"FT S.p.A.","article_publisher":"https:\/\/www.facebook.com\/FTspa1969\/","article_modified_time":"2024-03-25T08:48:07+00:00","twitter_card":"summary_large_image","twitter_misc":{"Dur\u00e9e de lecture estim\u00e9e":"7 minutes"},"schema":{"@context":"https:\/\/schema.org","@graph":[{"@type":"WebPage","@id":"https:\/\/www.ftspa.it\/privacy-policy\/","url":"https:\/\/www.ftspa.it\/privacy-policy\/","name":"FT spa - POLITIQUE DE CONFIDENTIALIT\u00c9 COMPL\u00c8TE CONFORME AU RGPD 679\/16","isPartOf":{"@id":"https:\/\/www.ftspa.it\/#website"},"datePublished":"2024-03-25T08:25:47+00:00","dateModified":"2024-03-25T08:48:07+00:00","description":"Scopri le dondizioni su: INFORMATIVA PER IL TRATTAMENTO DEI DATI PERSONALI AI FINI DELL'INVIO DI COMUNICAZIONI PROMOZIONALI","breadcrumb":{"@id":"https:\/\/www.ftspa.it\/privacy-policy\/#breadcrumb"},"inLanguage":"fr-FR","potentialAction":[{"@type":"ReadAction","target":["https:\/\/www.ftspa.it\/privacy-policy\/"]}]},{"@type":"BreadcrumbList","@id":"https:\/\/www.ftspa.it\/privacy-policy\/#breadcrumb","itemListElement":[{"@type":"ListItem","position":1,"name":"Home","item":"https:\/\/www.ftspa.it\/fr\/"},{"@type":"ListItem","position":2,"name":"POLITIQUE DE CONFIDENTIALIT\u00c9 COMPL\u00c8TE CONFORME AU RGPD 679\/16"}]},{"@type":"WebSite","@id":"https:\/\/www.ftspa.it\/#website","url":"https:\/\/www.ftspa.it\/","name":"https:\/\/www.ftspa.it\/","description":"","publisher":{"@id":"https:\/\/www.ftspa.it\/#organization"},"potentialAction":[{"@type":"SearchAction","target":{"@type":"EntryPoint","urlTemplate":"https:\/\/www.ftspa.it\/?s={search_term_string}"},"query-input":{"@type":"PropertyValueSpecification","valueRequired":true,"valueName":"search_term_string"}}],"inLanguage":"fr-FR"},{"@type":"Organization","@id":"https:\/\/www.ftspa.it\/#organization","name":"https:\/\/www.ftspa.it\/","url":"https:\/\/www.ftspa.it\/","logo":{"@type":"ImageObject","inLanguage":"fr-FR","@id":"https:\/\/www.ftspa.it\/#\/schema\/logo\/image\/","url":"https:\/\/www.ftspa.it\/wp-content\/uploads\/2020\/01\/logo.png","contentUrl":"https:\/\/www.ftspa.it\/wp-content\/uploads\/2020\/01\/logo.png","width":204,"height":84,"caption":"https:\/\/www.ftspa.it\/"},"image":{"@id":"https:\/\/www.ftspa.it\/#\/schema\/logo\/image\/"},"sameAs":["https:\/\/www.facebook.com\/FTspa1969\/","https:\/\/www.linkedin.com\/company\/ft-spa\/"]}]}},"_links":{"self":[{"href":"https:\/\/www.ftspa.it\/fr\/wp-json\/wp\/v2\/pages\/48379","targetHints":{"allow":["GET"]}}],"collection":[{"href":"https:\/\/www.ftspa.it\/fr\/wp-json\/wp\/v2\/pages"}],"about":[{"href":"https:\/\/www.ftspa.it\/fr\/wp-json\/wp\/v2\/types\/page"}],"author":[{"embeddable":true,"href":"https:\/\/www.ftspa.it\/fr\/wp-json\/wp\/v2\/users\/8792"}],"replies":[{"embeddable":true,"href":"https:\/\/www.ftspa.it\/fr\/wp-json\/wp\/v2\/comments?post=48379"}],"version-history":[{"count":14,"href":"https:\/\/www.ftspa.it\/fr\/wp-json\/wp\/v2\/pages\/48379\/revisions"}],"predecessor-version":[{"id":48394,"href":"https:\/\/www.ftspa.it\/fr\/wp-json\/wp\/v2\/pages\/48379\/revisions\/48394"}],"wp:attachment":[{"href":"https:\/\/www.ftspa.it\/fr\/wp-json\/wp\/v2\/media?parent=48379"}],"curies":[{"name":"wp","href":"https:\/\/api.w.org\/{rel}","templated":true}]}}